{"id":6684,"date":"2022-05-09T18:29:17","date_gmt":"2022-05-09T16:29:17","guid":{"rendered":"https:\/\/www.commeuncactus.fr\/?post_type=product&#038;p=6684"},"modified":"2025-12-13T18:53:04","modified_gmt":"2025-12-13T17:53:04","slug":"broderie-coeur-1-2","status":"publish","type":"product","link":"https:\/\/www.commeuncactus.fr\/index.php\/produit\/broderie-coeur-1-2\/","title":{"rendered":"Broderie &#8211; COEUR #3"},"content":{"rendered":"<p>Fait main et en France.<\/p>\n<p>REALIS\u00c9E SUR COMMANDE &#8211; Envoi sous 10 jours.<\/p>\n<p>Dimension du tambour\u00a0<span style=\"text-decoration: underline;\">16 cm<\/span><\/p>\n<p><span style=\"color: #33cccc;\"><strong>COULEURS PERSONNALISABLES SUR COMMANDE &#8211; POUR TOUTE DEMANDE, MERCI DE REMPLIR LE FORMULAIRE DE CONTACT AVANT DE PASSER COMMANDE<\/strong><\/span><\/p>\n<p>REPRODUCTION INTERDITE<\/p>\n","protected":false},"excerpt":{"rendered":"<p>Broderie moderne, r\u00e9alis\u00e9e \u00e0 la main et en France.<\/p>\n<p>Fils de coton et tissu\u00a0en coton certifi\u00e9 <a href=\"https:\/\/www.oeko-tex.com\" target=\"_blank\" rel=\"noopener noreferrer\">OEKO-TEX<\/a>.<\/p>\n","protected":false},"featured_media":6692,"comment_status":"open","ping_status":"closed","template":"","meta":{"ocean_post_layout":"","ocean_both_sidebars_style":"","ocean_both_sidebars_content_width":0,"ocean_both_sidebars_sidebars_width":0,"ocean_sidebar":"0","ocean_second_sidebar":"0","ocean_disable_margins":"enable","ocean_add_body_class":"","ocean_shortcode_before_top_bar":"","ocean_shortcode_after_top_bar":"","ocean_shortcode_before_header":"","ocean_shortcode_after_header":"","ocean_has_shortcode":"","ocean_shortcode_after_title":"","ocean_shortcode_before_footer_widgets":"","ocean_shortcode_after_footer_widgets":"","ocean_shortcode_before_footer_bottom":"","ocean_shortcode_after_footer_bottom":"","ocean_display_top_bar":"default","ocean_display_header":"default","ocean_header_style":"","ocean_center_header_left_menu":"0","ocean_custom_header_template":"0","ocean_custom_logo":0,"ocean_custom_retina_logo":0,"ocean_custom_logo_max_width":0,"ocean_custom_logo_tablet_max_width":0,"ocean_custom_logo_mobile_max_width":0,"ocean_custom_logo_max_height":0,"ocean_custom_logo_tablet_max_height":0,"ocean_custom_logo_mobile_max_height":0,"ocean_header_custom_menu":"0","ocean_menu_typo_font_family":"0","ocean_menu_typo_font_subset":"","ocean_menu_typo_font_size":0,"ocean_menu_typo_font_size_tablet":0,"ocean_menu_typo_font_size_mobile":0,"ocean_menu_typo_font_size_unit":"px","ocean_menu_typo_font_weight":"","ocean_menu_typo_font_weight_tablet":"","ocean_menu_typo_font_weight_mobile":"","ocean_menu_typo_transform":"","ocean_menu_typo_transform_tablet":"","ocean_menu_typo_transform_mobile":"","ocean_menu_typo_line_height":0,"ocean_menu_typo_line_height_tablet":0,"ocean_menu_typo_line_height_mobile":0,"ocean_menu_typo_line_height_unit":"","ocean_menu_typo_spacing":0,"ocean_menu_typo_spacing_tablet":0,"ocean_menu_typo_spacing_mobile":0,"ocean_menu_typo_spacing_unit":"","ocean_menu_link_color":"","ocean_menu_link_color_hover":"","ocean_menu_link_color_active":"","ocean_menu_link_background":"","ocean_menu_link_hover_background":"","ocean_menu_link_active_background":"","ocean_menu_social_links_bg":"","ocean_menu_social_hover_links_bg":"","ocean_menu_social_links_color":"","ocean_menu_social_hover_links_color":"","ocean_disable_title":"default","ocean_disable_heading":"default","ocean_post_title":"","ocean_post_subheading":"","ocean_post_title_style":"","ocean_post_title_background_color":"","ocean_post_title_background":0,"ocean_post_title_bg_image_position":"","ocean_post_title_bg_image_attachment":"","ocean_post_title_bg_image_repeat":"","ocean_post_title_bg_image_size":"","ocean_post_title_height":0,"ocean_post_title_bg_overlay":0.5,"ocean_post_title_bg_overlay_color":"","ocean_disable_breadcrumbs":"default","ocean_breadcrumbs_color":"","ocean_breadcrumbs_separator_color":"","ocean_breadcrumbs_links_color":"","ocean_breadcrumbs_links_hover_color":"","ocean_display_footer_widgets":"default","ocean_display_footer_bottom":"default","ocean_custom_footer_template":"0"},"product_brand":[],"product_cat":[222],"product_tag":[],"class_list":{"0":"post-6684","1":"product","2":"type-product","3":"status-publish","4":"has-post-thumbnail","6":"product_cat-les-broderies","8":"entry","9":"has-media","11":"first","12":"instock","13":"shipping-taxable","14":"purchasable","15":"product-type-simple","16":"has-product-nav","17":"col","18":"span_1_of_4","19":"owp-content-center","20":"owp-thumbs-layout-horizontal","21":"owp-btn-big","22":"owp-tabs-layout-horizontal","23":"has-no-thumbnails"},"yoast_head":"<!-- This site is optimized with the Yoast SEO plugin v27.3 - https:\/\/yoast.com\/product\/yoast-seo-wordpress\/ -->\n<title>Broderie - COEUR #3 - Comme Un Cactus<\/title>\n<meta name=\"description\" content=\"Broderie moderne, r\u00e9alis\u00e9e \u00e0 la main et en France.\" \/>\n<meta name=\"robots\" content=\"index, follow, max-snippet:-1, max-image-preview:large, max-video-preview:-1\" \/>\n<link rel=\"canonical\" href=\"https:\/\/www.commeuncactus.fr\/index.php\/produit\/broderie-coeur-1-2\/\" \/>\n<meta property=\"og:locale\" content=\"fr_FR\" \/>\n<meta property=\"og:type\" content=\"article\" \/>\n<meta property=\"og:title\" content=\"Broderie - COEUR #3 - Comme Un Cactus\" \/>\n<meta property=\"og:description\" content=\"Broderie moderne, r\u00e9alis\u00e9e \u00e0 la main et en France.\" \/>\n<meta property=\"og:url\" content=\"https:\/\/www.commeuncactus.fr\/index.php\/produit\/broderie-coeur-1-2\/\" \/>\n<meta property=\"og:site_name\" content=\"Comme Un Cactus\" \/>\n<meta property=\"article:publisher\" content=\"https:\/\/www.facebook.com\/comme1cactus\" \/>\n<meta property=\"article:modified_time\" content=\"2025-12-13T17:53:04+00:00\" \/>\n<meta property=\"og:image\" content=\"https:\/\/www.commeuncactus.fr\/wp-content\/uploads\/2022\/05\/ABB9B92E-B45E-4430-A200-78329C966BE7.jpeg\" \/>\n\t<meta property=\"og:image:width\" content=\"1500\" \/>\n\t<meta property=\"og:image:height\" content=\"1500\" \/>\n\t<meta property=\"og:image:type\" content=\"image\/jpeg\" \/>\n<meta name=\"twitter:card\" content=\"summary_large_image\" \/>\n<meta name=\"twitter:label1\" content=\"Dur\u00e9e de lecture estim\u00e9e\" \/>\n\t<meta name=\"twitter:data1\" content=\"1 minute\" \/>\n<script type=\"application\/ld+json\" class=\"yoast-schema-graph\">{\"@context\":\"https:\\\/\\\/schema.org\",\"@graph\":[{\"@type\":\"WebPage\",\"@id\":\"https:\\\/\\\/www.commeuncactus.fr\\\/index.php\\\/produit\\\/broderie-coeur-1-2\\\/\",\"url\":\"https:\\\/\\\/www.commeuncactus.fr\\\/index.php\\\/produit\\\/broderie-coeur-1-2\\\/\",\"name\":\"Broderie - COEUR #3 - Comme Un Cactus\",\"isPartOf\":{\"@id\":\"https:\\\/\\\/www.commeuncactus.fr\\\/#website\"},\"primaryImageOfPage\":{\"@id\":\"https:\\\/\\\/www.commeuncactus.fr\\\/index.php\\\/produit\\\/broderie-coeur-1-2\\\/#primaryimage\"},\"image\":{\"@id\":\"https:\\\/\\\/www.commeuncactus.fr\\\/index.php\\\/produit\\\/broderie-coeur-1-2\\\/#primaryimage\"},\"thumbnailUrl\":\"https:\\\/\\\/www.commeuncactus.fr\\\/wp-content\\\/uploads\\\/2022\\\/05\\\/ABB9B92E-B45E-4430-A200-78329C966BE7.jpeg\",\"datePublished\":\"2022-05-09T16:29:17+00:00\",\"dateModified\":\"2025-12-13T17:53:04+00:00\",\"description\":\"Broderie moderne, r\u00e9alis\u00e9e \u00e0 la main et en France.\",\"breadcrumb\":{\"@id\":\"https:\\\/\\\/www.commeuncactus.fr\\\/index.php\\\/produit\\\/broderie-coeur-1-2\\\/#breadcrumb\"},\"inLanguage\":\"fr-FR\",\"potentialAction\":[{\"@type\":\"ReadAction\",\"target\":[\"https:\\\/\\\/www.commeuncactus.fr\\\/index.php\\\/produit\\\/broderie-coeur-1-2\\\/\"]}]},{\"@type\":\"ImageObject\",\"inLanguage\":\"fr-FR\",\"@id\":\"https:\\\/\\\/www.commeuncactus.fr\\\/index.php\\\/produit\\\/broderie-coeur-1-2\\\/#primaryimage\",\"url\":\"https:\\\/\\\/www.commeuncactus.fr\\\/wp-content\\\/uploads\\\/2022\\\/05\\\/ABB9B92E-B45E-4430-A200-78329C966BE7.jpeg\",\"contentUrl\":\"https:\\\/\\\/www.commeuncactus.fr\\\/wp-content\\\/uploads\\\/2022\\\/05\\\/ABB9B92E-B45E-4430-A200-78329C966BE7.jpeg\",\"width\":1500,\"height\":1500,\"caption\":\"BRODERIE COEUR\"},{\"@type\":\"BreadcrumbList\",\"@id\":\"https:\\\/\\\/www.commeuncactus.fr\\\/index.php\\\/produit\\\/broderie-coeur-1-2\\\/#breadcrumb\",\"itemListElement\":[{\"@type\":\"ListItem\",\"position\":1,\"name\":\"Accueil\",\"item\":\"https:\\\/\\\/www.commeuncactus.fr\\\/\"},{\"@type\":\"ListItem\",\"position\":2,\"name\":\"Boutique\",\"item\":\"https:\\\/\\\/www.commeuncactus.fr\\\/index.php\\\/boutique\\\/\"},{\"@type\":\"ListItem\",\"position\":3,\"name\":\"Broderie &#8211; COEUR #3\"}]},{\"@type\":\"WebSite\",\"@id\":\"https:\\\/\\\/www.commeuncactus.fr\\\/#website\",\"url\":\"https:\\\/\\\/www.commeuncactus.fr\\\/\",\"name\":\"Comme Un Cactus\",\"description\":\"Cr\u00e9ations artisanales qui ne manquent pas de piquant !\",\"publisher\":{\"@id\":\"https:\\\/\\\/www.commeuncactus.fr\\\/#organization\"},\"potentialAction\":[{\"@type\":\"SearchAction\",\"target\":{\"@type\":\"EntryPoint\",\"urlTemplate\":\"https:\\\/\\\/www.commeuncactus.fr\\\/?s={search_term_string}\"},\"query-input\":{\"@type\":\"PropertyValueSpecification\",\"valueRequired\":true,\"valueName\":\"search_term_string\"}}],\"inLanguage\":\"fr-FR\"},{\"@type\":\"Organization\",\"@id\":\"https:\\\/\\\/www.commeuncactus.fr\\\/#organization\",\"name\":\"Comme un Cactus\",\"url\":\"https:\\\/\\\/www.commeuncactus.fr\\\/\",\"logo\":{\"@type\":\"ImageObject\",\"inLanguage\":\"fr-FR\",\"@id\":\"https:\\\/\\\/www.commeuncactus.fr\\\/#\\\/schema\\\/logo\\\/image\\\/\",\"url\":\"https:\\\/\\\/www.commeuncactus.fr\\\/wp-content\\\/uploads\\\/2019\\\/10\\\/logo_fond_carre.jpg\",\"contentUrl\":\"https:\\\/\\\/www.commeuncactus.fr\\\/wp-content\\\/uploads\\\/2019\\\/10\\\/logo_fond_carre.jpg\",\"width\":1600,\"height\":1600,\"caption\":\"Comme un Cactus\"},\"image\":{\"@id\":\"https:\\\/\\\/www.commeuncactus.fr\\\/#\\\/schema\\\/logo\\\/image\\\/\"},\"sameAs\":[\"https:\\\/\\\/www.facebook.com\\\/comme1cactus\",\"https:\\\/\\\/www.instagram.com\\\/comme1cactus\"]}]}<\/script>\n<!-- \/ Yoast SEO plugin. -->","yoast_head_json":{"title":"Broderie - COEUR #3 - Comme Un Cactus","description":"Broderie moderne, r\u00e9alis\u00e9e \u00e0 la main et en France.","robots":{"index":"index","follow":"follow","max-snippet":"max-snippet:-1","max-image-preview":"max-image-preview:large","max-video-preview":"max-video-preview:-1"},"canonical":"https:\/\/www.commeuncactus.fr\/index.php\/produit\/broderie-coeur-1-2\/","og_locale":"fr_FR","og_type":"article","og_title":"Broderie - COEUR #3 - Comme Un Cactus","og_description":"Broderie moderne, r\u00e9alis\u00e9e \u00e0 la main et en France.","og_url":"https:\/\/www.commeuncactus.fr\/index.php\/produit\/broderie-coeur-1-2\/","og_site_name":"Comme Un Cactus","article_publisher":"https:\/\/www.facebook.com\/comme1cactus","article_modified_time":"2025-12-13T17:53:04+00:00","og_image":[{"width":1500,"height":1500,"url":"https:\/\/www.commeuncactus.fr\/wp-content\/uploads\/2022\/05\/ABB9B92E-B45E-4430-A200-78329C966BE7.jpeg","type":"image\/jpeg"}],"twitter_card":"summary_large_image","twitter_misc":{"Dur\u00e9e de lecture estim\u00e9e":"1 minute"},"schema":{"@context":"https:\/\/schema.org","@graph":[{"@type":"WebPage","@id":"https:\/\/www.commeuncactus.fr\/index.php\/produit\/broderie-coeur-1-2\/","url":"https:\/\/www.commeuncactus.fr\/index.php\/produit\/broderie-coeur-1-2\/","name":"Broderie - COEUR #3 - Comme Un Cactus","isPartOf":{"@id":"https:\/\/www.commeuncactus.fr\/#website"},"primaryImageOfPage":{"@id":"https:\/\/www.commeuncactus.fr\/index.php\/produit\/broderie-coeur-1-2\/#primaryimage"},"image":{"@id":"https:\/\/www.commeuncactus.fr\/index.php\/produit\/broderie-coeur-1-2\/#primaryimage"},"thumbnailUrl":"https:\/\/www.commeuncactus.fr\/wp-content\/uploads\/2022\/05\/ABB9B92E-B45E-4430-A200-78329C966BE7.jpeg","datePublished":"2022-05-09T16:29:17+00:00","dateModified":"2025-12-13T17:53:04+00:00","description":"Broderie moderne, r\u00e9alis\u00e9e \u00e0 la main et en France.","breadcrumb":{"@id":"https:\/\/www.commeuncactus.fr\/index.php\/produit\/broderie-coeur-1-2\/#breadcrumb"},"inLanguage":"fr-FR","potentialAction":[{"@type":"ReadAction","target":["https:\/\/www.commeuncactus.fr\/index.php\/produit\/broderie-coeur-1-2\/"]}]},{"@type":"ImageObject","inLanguage":"fr-FR","@id":"https:\/\/www.commeuncactus.fr\/index.php\/produit\/broderie-coeur-1-2\/#primaryimage","url":"https:\/\/www.commeuncactus.fr\/wp-content\/uploads\/2022\/05\/ABB9B92E-B45E-4430-A200-78329C966BE7.jpeg","contentUrl":"https:\/\/www.commeuncactus.fr\/wp-content\/uploads\/2022\/05\/ABB9B92E-B45E-4430-A200-78329C966BE7.jpeg","width":1500,"height":1500,"caption":"BRODERIE COEUR"},{"@type":"BreadcrumbList","@id":"https:\/\/www.commeuncactus.fr\/index.php\/produit\/broderie-coeur-1-2\/#breadcrumb","itemListElement":[{"@type":"ListItem","position":1,"name":"Accueil","item":"https:\/\/www.commeuncactus.fr\/"},{"@type":"ListItem","position":2,"name":"Boutique","item":"https:\/\/www.commeuncactus.fr\/index.php\/boutique\/"},{"@type":"ListItem","position":3,"name":"Broderie &#8211; COEUR #3"}]},{"@type":"WebSite","@id":"https:\/\/www.commeuncactus.fr\/#website","url":"https:\/\/www.commeuncactus.fr\/","name":"Comme Un Cactus","description":"Cr\u00e9ations artisanales qui ne manquent pas de piquant !","publisher":{"@id":"https:\/\/www.commeuncactus.fr\/#organization"},"potentialAction":[{"@type":"SearchAction","target":{"@type":"EntryPoint","urlTemplate":"https:\/\/www.commeuncactus.fr\/?s={search_term_string}"},"query-input":{"@type":"PropertyValueSpecification","valueRequired":true,"valueName":"search_term_string"}}],"inLanguage":"fr-FR"},{"@type":"Organization","@id":"https:\/\/www.commeuncactus.fr\/#organization","name":"Comme un Cactus","url":"https:\/\/www.commeuncactus.fr\/","logo":{"@type":"ImageObject","inLanguage":"fr-FR","@id":"https:\/\/www.commeuncactus.fr\/#\/schema\/logo\/image\/","url":"https:\/\/www.commeuncactus.fr\/wp-content\/uploads\/2019\/10\/logo_fond_carre.jpg","contentUrl":"https:\/\/www.commeuncactus.fr\/wp-content\/uploads\/2019\/10\/logo_fond_carre.jpg","width":1600,"height":1600,"caption":"Comme un Cactus"},"image":{"@id":"https:\/\/www.commeuncactus.fr\/#\/schema\/logo\/image\/"},"sameAs":["https:\/\/www.facebook.com\/comme1cactus","https:\/\/www.instagram.com\/comme1cactus"]}]}},"jetpack_sharing_enabled":true,"_links":{"self":[{"href":"https:\/\/www.commeuncactus.fr\/index.php\/wp-json\/wp\/v2\/product\/6684","targetHints":{"allow":["GET"]}}],"collection":[{"href":"https:\/\/www.commeuncactus.fr\/index.php\/wp-json\/wp\/v2\/product"}],"about":[{"href":"https:\/\/www.commeuncactus.fr\/index.php\/wp-json\/wp\/v2\/types\/product"}],"replies":[{"embeddable":true,"href":"https:\/\/www.commeuncactus.fr\/index.php\/wp-json\/wp\/v2\/comments?post=6684"}],"wp:featuredmedia":[{"embeddable":true,"href":"https:\/\/www.commeuncactus.fr\/index.php\/wp-json\/wp\/v2\/media\/6692"}],"wp:attachment":[{"href":"https:\/\/www.commeuncactus.fr\/index.php\/wp-json\/wp\/v2\/media?parent=6684"}],"wp:term":[{"taxonomy":"product_brand","embeddable":true,"href":"https:\/\/www.commeuncactus.fr\/index.php\/wp-json\/wp\/v2\/product_brand?post=6684"},{"taxonomy":"product_cat","embeddable":true,"href":"https:\/\/www.commeuncactus.fr\/index.php\/wp-json\/wp\/v2\/product_cat?post=6684"},{"taxonomy":"product_tag","embeddable":true,"href":"https:\/\/www.commeuncactus.fr\/index.php\/wp-json\/wp\/v2\/product_tag?post=6684"}],"curies":[{"name":"wp","href":"https:\/\/api.w.org\/{rel}","templated":true}]}}