{"id":3779,"date":"2020-12-04T23:01:35","date_gmt":"2020-12-04T22:01:35","guid":{"rendered":"https:\/\/www.commeuncactus.fr\/?post_type=product&#038;p=3779"},"modified":"2026-01-27T12:22:50","modified_gmt":"2026-01-27T11:22:50","slug":"broche-message","status":"publish","type":"product","link":"https:\/\/www.commeuncactus.fr\/index.php\/produit\/broche-message\/","title":{"rendered":"Broche &#8211; Message"},"content":{"rendered":"<p>Fait main et en France.<\/p>\n<p>REALIS\u00c9E SUR COMMANDE &#8211; Envoi sous 10 jours.<\/p>\n<p>Message au choix (nombreux mod\u00e8les d\u00e9j\u00e0 disponibles &#8211; voir photo)<\/p>\n<p><span style=\"color: #ff0000;\">!!!!!!! \u00a0 \u00a0Le message souhait\u00e9 est \u00e0 inscrire dans la \u00ab\u00a0note de commande\u00a0\u00bb sur la page \u00ab\u00a0validation de la commande\u00a0\u00bb \u00a0 \u00a0!!!!!!!<\/span><\/p>\n<p>Les mots ne doivent pas exc\u00e9der 8 ou 9 lettres selon le mod\u00e8le choisi (voir exemple sur photos)<\/p>\n<p>En cas de doute, n&rsquo;h\u00e9sitez pas \u00e0 me contacter.<\/p>\n<p>&#8212;&#8212;&#8212;&#8212;&#8212;&#8212;&#8212;&#8212;&#8212;&#8212;&#8212;&#8212;<\/p>\n<h6>Dimensions<\/h6>\n<p>Nuage\u00a0<span style=\"text-decoration: underline;\">3,1 cm x 2 cm<\/span> ou\u00a0<span style=\"text-decoration: underline;\">3,7 cm x 2,5 cm<\/span> ou 5<span style=\"text-decoration: underline;\">\u00a0cm x 3,5 cm<\/span> =&gt; la taille du nuage est d\u00e9finie en fonction du mot choisi<\/p>\n<p>Rond lisse <span style=\"text-decoration: underline;\">3 cm<\/span><\/p>\n<p>Rond dentel\u00e9\u00a0<span style=\"text-decoration: underline;\">3,5 cm<\/span><\/p>\n<p>&#8212;&#8212;&#8212;&#8212;&#8212;&#8212;&#8212;&#8212;&#8212;&#8212;&#8212;&#8212;<\/p>\n<h6>Composition<\/h6>\n<p>Argile et vernis brillant. Ne pas exposer \u00e0 l&rsquo;eau ni au soleil prolong\u00e9.<\/p>\n<p>Fermoir broche ou attache pins (selon la taille) en m\u00e9tal.<\/p>\n<p><span style=\"color: #ff0000;\">!!!! Attention \u00e0 ne pas faire tomber la broche, ni la cogner, au risque de laisser des marques ou la casser !!!!<\/span><\/p>\n","protected":false},"excerpt":{"rendered":"<p>Vous voulez afficher l&rsquo;humeur du jour ? Ou simplement faire passer un message ?<\/p>\n<p>Exprimez-vous sans ouvrir la bouche avec cette broche Comme Un Cactus.<\/p>\n<p>Avec ou sans paillettes, elle mettra la touche finale \u00e0 votre tenue et\u00a0donnera le ton pour la journ\u00e9e !<\/p>\n","protected":false},"featured_media":7843,"comment_status":"open","ping_status":"closed","template":"","meta":{"ocean_post_layout":"","ocean_both_sidebars_style":"","ocean_both_sidebars_content_width":0,"ocean_both_sidebars_sidebars_width":0,"ocean_sidebar":"0","ocean_second_sidebar":"0","ocean_disable_margins":"enable","ocean_add_body_class":"","ocean_shortcode_before_top_bar":"","ocean_shortcode_after_top_bar":"","ocean_shortcode_before_header":"","ocean_shortcode_after_header":"","ocean_has_shortcode":"","ocean_shortcode_after_title":"","ocean_shortcode_before_footer_widgets":"","ocean_shortcode_after_footer_widgets":"","ocean_shortcode_before_footer_bottom":"","ocean_shortcode_after_footer_bottom":"","ocean_display_top_bar":"default","ocean_display_header":"default","ocean_header_style":"","ocean_center_header_left_menu":"0","ocean_custom_header_template":"0","ocean_custom_logo":0,"ocean_custom_retina_logo":0,"ocean_custom_logo_max_width":0,"ocean_custom_logo_tablet_max_width":0,"ocean_custom_logo_mobile_max_width":0,"ocean_custom_logo_max_height":0,"ocean_custom_logo_tablet_max_height":0,"ocean_custom_logo_mobile_max_height":0,"ocean_header_custom_menu":"0","ocean_menu_typo_font_family":"0","ocean_menu_typo_font_subset":"","ocean_menu_typo_font_size":0,"ocean_menu_typo_font_size_tablet":0,"ocean_menu_typo_font_size_mobile":0,"ocean_menu_typo_font_size_unit":"px","ocean_menu_typo_font_weight":"","ocean_menu_typo_font_weight_tablet":"","ocean_menu_typo_font_weight_mobile":"","ocean_menu_typo_transform":"","ocean_menu_typo_transform_tablet":"","ocean_menu_typo_transform_mobile":"","ocean_menu_typo_line_height":0,"ocean_menu_typo_line_height_tablet":0,"ocean_menu_typo_line_height_mobile":0,"ocean_menu_typo_line_height_unit":"","ocean_menu_typo_spacing":0,"ocean_menu_typo_spacing_tablet":0,"ocean_menu_typo_spacing_mobile":0,"ocean_menu_typo_spacing_unit":"","ocean_menu_link_color":"","ocean_menu_link_color_hover":"","ocean_menu_link_color_active":"","ocean_menu_link_background":"","ocean_menu_link_hover_background":"","ocean_menu_link_active_background":"","ocean_menu_social_links_bg":"","ocean_menu_social_hover_links_bg":"","ocean_menu_social_links_color":"","ocean_menu_social_hover_links_color":"","ocean_disable_title":"default","ocean_disable_heading":"default","ocean_post_title":"","ocean_post_subheading":"","ocean_post_title_style":"","ocean_post_title_background_color":"","ocean_post_title_background":0,"ocean_post_title_bg_image_position":"","ocean_post_title_bg_image_attachment":"","ocean_post_title_bg_image_repeat":"","ocean_post_title_bg_image_size":"","ocean_post_title_height":0,"ocean_post_title_bg_overlay":0.5,"ocean_post_title_bg_overlay_color":"","ocean_disable_breadcrumbs":"default","ocean_breadcrumbs_color":"","ocean_breadcrumbs_separator_color":"","ocean_breadcrumbs_links_color":"","ocean_breadcrumbs_links_hover_color":"","ocean_display_footer_widgets":"default","ocean_display_footer_bottom":"default","ocean_custom_footer_template":"0"},"product_brand":[],"product_cat":[183],"product_tag":[],"class_list":{"0":"post-3779","1":"product","2":"type-product","3":"status-publish","4":"has-post-thumbnail","6":"product_cat-les-broches","8":"entry","9":"has-media","11":"first","12":"instock","13":"shipping-taxable","14":"purchasable","15":"product-type-variable","16":"has-product-nav","17":"col","18":"span_1_of_4","19":"owp-content-center","20":"owp-thumbs-layout-horizontal","21":"owp-btn-big","22":"owp-tabs-layout-horizontal"},"yoast_head":"<!-- This site is optimized with the Yoast SEO plugin v27.4 - https:\/\/yoast.com\/product\/yoast-seo-wordpress\/ -->\n<title>Broche - Message - Comme Un Cactus<\/title>\n<meta name=\"description\" content=\"Un message \u00e0 faire passer ?Exprimez-vous sans ouvrir la bouche avec cette broche Comme Un Cactus.\" \/>\n<meta name=\"robots\" content=\"index, follow, max-snippet:-1, max-image-preview:large, max-video-preview:-1\" \/>\n<link rel=\"canonical\" href=\"https:\/\/www.commeuncactus.fr\/index.php\/produit\/broche-message\/\" \/>\n<meta property=\"og:locale\" content=\"fr_FR\" \/>\n<meta property=\"og:type\" content=\"article\" \/>\n<meta property=\"og:title\" content=\"Broche - Message - Comme Un Cactus\" \/>\n<meta property=\"og:description\" content=\"Un message \u00e0 faire passer ?Exprimez-vous sans ouvrir la bouche avec cette broche Comme Un Cactus.\" \/>\n<meta property=\"og:url\" content=\"https:\/\/www.commeuncactus.fr\/index.php\/produit\/broche-message\/\" \/>\n<meta property=\"og:site_name\" content=\"Comme Un Cactus\" \/>\n<meta property=\"article:publisher\" content=\"https:\/\/www.facebook.com\/comme1cactus\" \/>\n<meta property=\"article:modified_time\" content=\"2026-01-27T11:22:50+00:00\" \/>\n<meta property=\"og:image\" content=\"https:\/\/www.commeuncactus.fr\/wp-content\/uploads\/2023\/03\/4972775B-5963-4223-B39A-C12B4D692539.jpeg\" \/>\n\t<meta property=\"og:image:width\" content=\"1600\" \/>\n\t<meta property=\"og:image:height\" content=\"1600\" \/>\n\t<meta property=\"og:image:type\" content=\"image\/jpeg\" \/>\n<meta name=\"twitter:card\" content=\"summary_large_image\" \/>\n<meta name=\"twitter:label1\" content=\"Dur\u00e9e de lecture estim\u00e9e\" \/>\n\t<meta name=\"twitter:data1\" content=\"1 minute\" \/>\n<script type=\"application\/ld+json\" class=\"yoast-schema-graph\">{\"@context\":\"https:\\\/\\\/schema.org\",\"@graph\":[{\"@type\":\"WebPage\",\"@id\":\"https:\\\/\\\/www.commeuncactus.fr\\\/index.php\\\/produit\\\/broche-message\\\/\",\"url\":\"https:\\\/\\\/www.commeuncactus.fr\\\/index.php\\\/produit\\\/broche-message\\\/\",\"name\":\"Broche - Message - Comme Un Cactus\",\"isPartOf\":{\"@id\":\"https:\\\/\\\/www.commeuncactus.fr\\\/#website\"},\"primaryImageOfPage\":{\"@id\":\"https:\\\/\\\/www.commeuncactus.fr\\\/index.php\\\/produit\\\/broche-message\\\/#primaryimage\"},\"image\":{\"@id\":\"https:\\\/\\\/www.commeuncactus.fr\\\/index.php\\\/produit\\\/broche-message\\\/#primaryimage\"},\"thumbnailUrl\":\"https:\\\/\\\/www.commeuncactus.fr\\\/wp-content\\\/uploads\\\/2023\\\/03\\\/4972775B-5963-4223-B39A-C12B4D692539.jpeg\",\"datePublished\":\"2020-12-04T22:01:35+00:00\",\"dateModified\":\"2026-01-27T11:22:50+00:00\",\"description\":\"Un message \u00e0 faire passer ?Exprimez-vous sans ouvrir la bouche avec cette broche Comme Un Cactus.\",\"breadcrumb\":{\"@id\":\"https:\\\/\\\/www.commeuncactus.fr\\\/index.php\\\/produit\\\/broche-message\\\/#breadcrumb\"},\"inLanguage\":\"fr-FR\",\"potentialAction\":[{\"@type\":\"ReadAction\",\"target\":[\"https:\\\/\\\/www.commeuncactus.fr\\\/index.php\\\/produit\\\/broche-message\\\/\"]}]},{\"@type\":\"ImageObject\",\"inLanguage\":\"fr-FR\",\"@id\":\"https:\\\/\\\/www.commeuncactus.fr\\\/index.php\\\/produit\\\/broche-message\\\/#primaryimage\",\"url\":\"https:\\\/\\\/www.commeuncactus.fr\\\/wp-content\\\/uploads\\\/2023\\\/03\\\/4972775B-5963-4223-B39A-C12B4D692539.jpeg\",\"contentUrl\":\"https:\\\/\\\/www.commeuncactus.fr\\\/wp-content\\\/uploads\\\/2023\\\/03\\\/4972775B-5963-4223-B39A-C12B4D692539.jpeg\",\"width\":1600,\"height\":1600,\"caption\":\"Broches\"},{\"@type\":\"BreadcrumbList\",\"@id\":\"https:\\\/\\\/www.commeuncactus.fr\\\/index.php\\\/produit\\\/broche-message\\\/#breadcrumb\",\"itemListElement\":[{\"@type\":\"ListItem\",\"position\":1,\"name\":\"Accueil\",\"item\":\"https:\\\/\\\/www.commeuncactus.fr\\\/\"},{\"@type\":\"ListItem\",\"position\":2,\"name\":\"Boutique\",\"item\":\"https:\\\/\\\/www.commeuncactus.fr\\\/index.php\\\/boutique\\\/\"},{\"@type\":\"ListItem\",\"position\":3,\"name\":\"Broche &#8211; Message\"}]},{\"@type\":\"WebSite\",\"@id\":\"https:\\\/\\\/www.commeuncactus.fr\\\/#website\",\"url\":\"https:\\\/\\\/www.commeuncactus.fr\\\/\",\"name\":\"Comme Un Cactus\",\"description\":\"Cr\u00e9ations artisanales qui ne manquent pas de piquant !\",\"publisher\":{\"@id\":\"https:\\\/\\\/www.commeuncactus.fr\\\/#organization\"},\"potentialAction\":[{\"@type\":\"SearchAction\",\"target\":{\"@type\":\"EntryPoint\",\"urlTemplate\":\"https:\\\/\\\/www.commeuncactus.fr\\\/?s={search_term_string}\"},\"query-input\":{\"@type\":\"PropertyValueSpecification\",\"valueRequired\":true,\"valueName\":\"search_term_string\"}}],\"inLanguage\":\"fr-FR\"},{\"@type\":\"Organization\",\"@id\":\"https:\\\/\\\/www.commeuncactus.fr\\\/#organization\",\"name\":\"Comme un Cactus\",\"url\":\"https:\\\/\\\/www.commeuncactus.fr\\\/\",\"logo\":{\"@type\":\"ImageObject\",\"inLanguage\":\"fr-FR\",\"@id\":\"https:\\\/\\\/www.commeuncactus.fr\\\/#\\\/schema\\\/logo\\\/image\\\/\",\"url\":\"https:\\\/\\\/www.commeuncactus.fr\\\/wp-content\\\/uploads\\\/2019\\\/10\\\/logo_fond_carre.jpg\",\"contentUrl\":\"https:\\\/\\\/www.commeuncactus.fr\\\/wp-content\\\/uploads\\\/2019\\\/10\\\/logo_fond_carre.jpg\",\"width\":1600,\"height\":1600,\"caption\":\"Comme un Cactus\"},\"image\":{\"@id\":\"https:\\\/\\\/www.commeuncactus.fr\\\/#\\\/schema\\\/logo\\\/image\\\/\"},\"sameAs\":[\"https:\\\/\\\/www.facebook.com\\\/comme1cactus\",\"https:\\\/\\\/www.instagram.com\\\/comme1cactus\"]}]}<\/script>\n<!-- \/ Yoast SEO plugin. -->","yoast_head_json":{"title":"Broche - Message - Comme Un Cactus","description":"Un message \u00e0 faire passer ?Exprimez-vous sans ouvrir la bouche avec cette broche Comme Un Cactus.","robots":{"index":"index","follow":"follow","max-snippet":"max-snippet:-1","max-image-preview":"max-image-preview:large","max-video-preview":"max-video-preview:-1"},"canonical":"https:\/\/www.commeuncactus.fr\/index.php\/produit\/broche-message\/","og_locale":"fr_FR","og_type":"article","og_title":"Broche - Message - Comme Un Cactus","og_description":"Un message \u00e0 faire passer ?Exprimez-vous sans ouvrir la bouche avec cette broche Comme Un Cactus.","og_url":"https:\/\/www.commeuncactus.fr\/index.php\/produit\/broche-message\/","og_site_name":"Comme Un Cactus","article_publisher":"https:\/\/www.facebook.com\/comme1cactus","article_modified_time":"2026-01-27T11:22:50+00:00","og_image":[{"width":1600,"height":1600,"url":"https:\/\/www.commeuncactus.fr\/wp-content\/uploads\/2023\/03\/4972775B-5963-4223-B39A-C12B4D692539.jpeg","type":"image\/jpeg"}],"twitter_card":"summary_large_image","twitter_misc":{"Dur\u00e9e de lecture estim\u00e9e":"1 minute"},"schema":{"@context":"https:\/\/schema.org","@graph":[{"@type":"WebPage","@id":"https:\/\/www.commeuncactus.fr\/index.php\/produit\/broche-message\/","url":"https:\/\/www.commeuncactus.fr\/index.php\/produit\/broche-message\/","name":"Broche - Message - Comme Un Cactus","isPartOf":{"@id":"https:\/\/www.commeuncactus.fr\/#website"},"primaryImageOfPage":{"@id":"https:\/\/www.commeuncactus.fr\/index.php\/produit\/broche-message\/#primaryimage"},"image":{"@id":"https:\/\/www.commeuncactus.fr\/index.php\/produit\/broche-message\/#primaryimage"},"thumbnailUrl":"https:\/\/www.commeuncactus.fr\/wp-content\/uploads\/2023\/03\/4972775B-5963-4223-B39A-C12B4D692539.jpeg","datePublished":"2020-12-04T22:01:35+00:00","dateModified":"2026-01-27T11:22:50+00:00","description":"Un message \u00e0 faire passer ?Exprimez-vous sans ouvrir la bouche avec cette broche Comme Un Cactus.","breadcrumb":{"@id":"https:\/\/www.commeuncactus.fr\/index.php\/produit\/broche-message\/#breadcrumb"},"inLanguage":"fr-FR","potentialAction":[{"@type":"ReadAction","target":["https:\/\/www.commeuncactus.fr\/index.php\/produit\/broche-message\/"]}]},{"@type":"ImageObject","inLanguage":"fr-FR","@id":"https:\/\/www.commeuncactus.fr\/index.php\/produit\/broche-message\/#primaryimage","url":"https:\/\/www.commeuncactus.fr\/wp-content\/uploads\/2023\/03\/4972775B-5963-4223-B39A-C12B4D692539.jpeg","contentUrl":"https:\/\/www.commeuncactus.fr\/wp-content\/uploads\/2023\/03\/4972775B-5963-4223-B39A-C12B4D692539.jpeg","width":1600,"height":1600,"caption":"Broches"},{"@type":"BreadcrumbList","@id":"https:\/\/www.commeuncactus.fr\/index.php\/produit\/broche-message\/#breadcrumb","itemListElement":[{"@type":"ListItem","position":1,"name":"Accueil","item":"https:\/\/www.commeuncactus.fr\/"},{"@type":"ListItem","position":2,"name":"Boutique","item":"https:\/\/www.commeuncactus.fr\/index.php\/boutique\/"},{"@type":"ListItem","position":3,"name":"Broche &#8211; Message"}]},{"@type":"WebSite","@id":"https:\/\/www.commeuncactus.fr\/#website","url":"https:\/\/www.commeuncactus.fr\/","name":"Comme Un Cactus","description":"Cr\u00e9ations artisanales qui ne manquent pas de piquant !","publisher":{"@id":"https:\/\/www.commeuncactus.fr\/#organization"},"potentialAction":[{"@type":"SearchAction","target":{"@type":"EntryPoint","urlTemplate":"https:\/\/www.commeuncactus.fr\/?s={search_term_string}"},"query-input":{"@type":"PropertyValueSpecification","valueRequired":true,"valueName":"search_term_string"}}],"inLanguage":"fr-FR"},{"@type":"Organization","@id":"https:\/\/www.commeuncactus.fr\/#organization","name":"Comme un Cactus","url":"https:\/\/www.commeuncactus.fr\/","logo":{"@type":"ImageObject","inLanguage":"fr-FR","@id":"https:\/\/www.commeuncactus.fr\/#\/schema\/logo\/image\/","url":"https:\/\/www.commeuncactus.fr\/wp-content\/uploads\/2019\/10\/logo_fond_carre.jpg","contentUrl":"https:\/\/www.commeuncactus.fr\/wp-content\/uploads\/2019\/10\/logo_fond_carre.jpg","width":1600,"height":1600,"caption":"Comme un Cactus"},"image":{"@id":"https:\/\/www.commeuncactus.fr\/#\/schema\/logo\/image\/"},"sameAs":["https:\/\/www.facebook.com\/comme1cactus","https:\/\/www.instagram.com\/comme1cactus"]}]}},"jetpack_sharing_enabled":true,"_links":{"self":[{"href":"https:\/\/www.commeuncactus.fr\/index.php\/wp-json\/wp\/v2\/product\/3779","targetHints":{"allow":["GET"]}}],"collection":[{"href":"https:\/\/www.commeuncactus.fr\/index.php\/wp-json\/wp\/v2\/product"}],"about":[{"href":"https:\/\/www.commeuncactus.fr\/index.php\/wp-json\/wp\/v2\/types\/product"}],"replies":[{"embeddable":true,"href":"https:\/\/www.commeuncactus.fr\/index.php\/wp-json\/wp\/v2\/comments?post=3779"}],"wp:featuredmedia":[{"embeddable":true,"href":"https:\/\/www.commeuncactus.fr\/index.php\/wp-json\/wp\/v2\/media\/7843"}],"wp:attachment":[{"href":"https:\/\/www.commeuncactus.fr\/index.php\/wp-json\/wp\/v2\/media?parent=3779"}],"wp:term":[{"taxonomy":"product_brand","embeddable":true,"href":"https:\/\/www.commeuncactus.fr\/index.php\/wp-json\/wp\/v2\/product_brand?post=3779"},{"taxonomy":"product_cat","embeddable":true,"href":"https:\/\/www.commeuncactus.fr\/index.php\/wp-json\/wp\/v2\/product_cat?post=3779"},{"taxonomy":"product_tag","embeddable":true,"href":"https:\/\/www.commeuncactus.fr\/index.php\/wp-json\/wp\/v2\/product_tag?post=3779"}],"curies":[{"name":"wp","href":"https:\/\/api.w.org\/{rel}","templated":true}]}}