{"id":3,"date":"2019-08-17T15:01:53","date_gmt":"2019-08-17T13:01:53","guid":{"rendered":"http:\/\/commeuncactus.fr\/?page_id=3"},"modified":"2019-12-07T19:49:30","modified_gmt":"2019-12-07T18:49:30","slug":"politique-de-traitement-des-donnees-personnelles","status":"publish","type":"page","link":"https:\/\/www.commeuncactus.fr\/index.php\/politique-de-traitement-des-donnees-personnelles\/","title":{"rendered":"Politique de traitement des donn\u00e9es personnelles"},"content":{"rendered":"\n<h2 class=\"wp-block-heading\">Qui est Comme Un Cactus&nbsp;?<\/h2>\n\n\n\n<p>L\u2019adresse du site web de COMME UN CACTUS est&nbsp;: <a href=\"https:\/\/www.commeuncactus.fr\">www.commeuncactus.fr<\/a>.<\/p>\n\n\n\n<h2 class=\"wp-block-heading\">Utilisation des donn\u00e9es personnelles collect\u00e9es<\/h2>\n\n\n\n<p>Au travers des diff\u00e9rentes fonctions de <a href=\"https:\/\/www.commeuncactus.fr\/\">www.commeuncactus.fr<\/a>, COMME UN CACTUS collecte les informations suivantes vous concernant :<br>&#8211; Nom, pr\u00e9nom,<br>&#8211; Adresse postale,<br>&#8211; Adresse mail,<br>&#8211; Adresse IP.<\/p>\n\n\n\n<p>Ces donn\u00e9es servent \u00e0 traiter les commandes re\u00e7ues au travers de <a href=\"https:\/\/www.commeuncactus.fr\/\">www.commeuncactus.fr<\/a>, r\u00e9pondre aux questions li\u00e9es au service client et \u00e9viter la g\u00e9n\u00e9ration d&rsquo;avis ou commentaires non pertinents (spam).<\/p>\n\n\n\n<p>L&rsquo;utilisation des donn\u00e9es collect\u00e9es est d\u00e9taill\u00e9es dans les diff\u00e9rentes rubriques ci-dessous.<\/p>\n\n\n\n<h2 class=\"wp-block-heading\">Commentaires ou avis<\/h2>\n\n\n\n<p>Quand vous laissez un commentaire ou avis sur <a href=\"https:\/\/www.commeuncactus.fr\/\">www.commeuncactus.fr<\/a>, les donn\u00e9es inscrites dans le formulaire, mais aussi votre adresse IP et l\u2019agent utilisateur de votre navigateur sont collect\u00e9s pour nous aider \u00e0 la d\u00e9tection des commentaires ind\u00e9sirables.<\/p>\n\n\n\n<p>Une cha\u00eene anonymis\u00e9e cr\u00e9\u00e9e \u00e0 partir de votre adresse de messagerie (\u00e9galement appel\u00e9e hash) peut \u00eatre envoy\u00e9e au service Gravatar pour v\u00e9rifier si vous utilisez ce dernier. Les clauses de confidentialit\u00e9 du service Gravatar sont disponibles <a rel=\"noreferrer noopener\" aria-label=\"ici (s\u2019ouvre dans un nouvel onglet)\" href=\"https:\/\/automattic.com\/privacy\/\" target=\"_blank\">ici<\/a>. Apr\u00e8s validation de votre avis ou commentaire, votre \u00e9ventuelle photo de profil sera visible publiquement \u00e0 cot\u00e9 de votre publication.<\/p>\n\n\n\n<h2 class=\"wp-block-heading\">Formulaires de contact<\/h2>\n\n\n\n<p>Les donn\u00e9es inscrites dans le formulaire de contact sont utilis\u00e9es pour r\u00e9pondre aux questions li\u00e9es au service client. Ces donn\u00e9es ne sont pas utilis\u00e9es \u00e0 des fins commerciales.<\/p>\n\n\n\n<h2 class=\"wp-block-heading\">Cookies<\/h2>\n\n\n\n<p>Les cookies sont des fichiers qui sont install\u00e9s sur votre ordinateur ou votre terminal mobile lorsque vous visitez <a href=\"https:\/\/www.commeuncactus.fr\/\">www.commeuncactus.fr<\/a>.<\/p>\n\n\n\n<h4 class=\"wp-block-heading\">\u00c0 quoi servent les cookies ?<\/h4>\n\n\n\n<p>Les cookies permettent de rendre votre exp\u00e9rience sur le site plus agr\u00e9able. Ils permettent aussi \u00e0 COMME UN CACTUS d&rsquo;en savoir plus sur vos comportements de visiteur ou acheteur.<\/p>\n\n\n\n<p>Les cookies sont utilis\u00e9s pour :<br>\u2013 M\u00e9moriser vos informations de connexion,<br>\u2013 Vous identifier lorsque vous vous connectez \u00e0 <a href=\"https:\/\/www.commeuncactus.fr\/\">www.commeuncactus.fr<\/a>,<br>\u2013 M\u00e9moriser les produits que vous avez plac\u00e9s dans votre panier, que vous finalisiez votre achat ou non,<br>\u2013 Collecter des informations analytiques pour mesurer le succ\u00e8s (ou pas) de produits ou pages (\u00e0 l&rsquo;aide d&rsquo;une solution logicielle fournie par <a rel=\"noreferrer noopener\" aria-label=\"Automattic (s\u2019ouvre dans un nouvel onglet)\" href=\"https:\/\/automattic.com\" target=\"_blank\">Automattic<\/a>).<\/p>\n\n\n\n<h4 class=\"wp-block-heading\">Compte personnel<\/h4>\n\n\n\n<p>Si vous cr\u00e9ez un compte sur <a href=\"https:\/\/www.commeuncactus.fr\/\">www.commeuncactus.fr<\/a> et que vous vous connectez sur ce site, un cookie temporaire sera cr\u00e9\u00e9 afin de d\u00e9terminer si votre navigateur accepte les cookies. Il ne contient pas de donn\u00e9es personnelles et sera supprim\u00e9 automatiquement \u00e0 la fermeture de votre navigateur.<\/p>\n\n\n\n<p>Lorsque vous vous connecterez sur <a href=\"https:\/\/www.commeuncactus.fr\/\">www.commeuncactus.fr<\/a>, nous mettrons en place un certain nombre de cookies pour enregistrer vos informations de connexion et vos pr\u00e9f\u00e9rences d\u2019\u00e9cran. La dur\u00e9e de vie d\u2019un cookie de connexion est de deux jours, celle d\u2019un cookie d\u2019option d\u2019\u00e9cran est d\u2019un an. Si vous cochez \u00ab&nbsp;Se souvenir de moi&nbsp;\u00bb, votre cookie de connexion sera conserv\u00e9 pendant deux semaines. Si vous vous d\u00e9connectez de votre compte, le cookie de connexion sera effac\u00e9.<\/p>\n\n\n\n<h4 class=\"wp-block-heading\">Avis et commentaires<\/h4>\n\n\n\n<p>Si vous d\u00e9posez un avis ou commentaire sur <a href=\"https:\/\/www.commeuncactus.fr\/\">www.commeuncactus.fr<\/a>, il vous sera propos\u00e9 d\u2019enregistrer votre nom, adresse de messagerie (et site web) dans des cookies. C\u2019est uniquement pour votre confort afin de ne pas avoir \u00e0 saisir ces informations si vous d\u00e9posez un autre avis plus tard. Ces cookies expirent au bout d\u2019un an.<\/p>\n\n\n\n<p>En modifiant ou en publiant un avis ou commentaire, un cookie suppl\u00e9mentaire sera enregistr\u00e9 dans votre navigateur. Ce cookie ne comprend aucune donn\u00e9e personnelle. Il indique simplement l\u2019ID de la publication que vous venez de modifier. Il expire au bout d\u2019un jour.<\/p>\n\n\n\n<h2 class=\"wp-block-heading\">Utilisation et transmission de vos donn\u00e9es personnelles<\/h2>\n\n\n\n<p>Lors de la finalisation d&rsquo;un achat sur <a href=\"https:\/\/www.commeuncactus.fr\/\">www.commeuncactus.fr<\/a>, vos donn\u00e9es personnelles sont partag\u00e9es avec <a rel=\"noreferrer noopener\" aria-label=\"PayPal (s\u2019ouvre dans un nouvel onglet)\" href=\"https:\/\/www.paypal.com\" target=\"_blank\">PayPal<\/a>.<\/p>\n\n\n\n<h2 class=\"wp-block-heading\">Dur\u00e9es de stockage de vos donn\u00e9es<\/h2>\n\n\n\n<p>Pour les utilisateurs et utilisatrices qui s\u2019enregistrent sur <a href=\"https:\/\/www.commeuncactus.fr\/\">www.commeuncactus.fr<\/a>, les donn\u00e9es personnelles indiqu\u00e9es dans leur profil sont stock\u00e9es. Tous les utilisateurs.ices peuvent voir, modifier ou supprimer leurs informations personnelles \u00e0 tout moment (\u00e0 l\u2019exception de leur nom d\u2019utilisateur\u00b7ice). Les gestionnaires du site peuvent aussi voir et modifier ces informations.<\/p>\n\n\n\n<p>Les donn\u00e9es personnelles collect\u00e9es au titre d&rsquo;un achat et de sa facturation sont conserv\u00e9es pendant 6 ans. Cela inclut vos nom et pr\u00e9nom, votre adresse postale, ainsi que l&rsquo;adresse mail qui sont associ\u00e9s \u00e0 votre commande.<\/p>\n\n\n\n<p>Si vous laissez un avis ou commentaire, votre publication et ses m\u00e9tadonn\u00e9es sont conserv\u00e9s ind\u00e9finiment. Cela permet de reconna\u00eetre et approuver automatiquement les commentaires suivants que vous feriez, au lieu de les laisser dans la file de mod\u00e9ration.<\/p>\n\n\n\n<h2 class=\"wp-block-heading\">Les droits que vous avez sur vos donn\u00e9es<\/h2>\n\n\n\n<p>Si vous avez un compte ou si vous avez laiss\u00e9 des avis sur <a href=\"https:\/\/www.commeuncactus.fr\/\">www.commeuncactus.fr<\/a>, vous pouvez demander \u00e0 recevoir un fichier contenant toutes les donn\u00e9es personnelles \u00e0 votre sujet, incluant celles que vous nous avez fournies. Vous pouvez \u00e9galement demander la suppression des donn\u00e9es personnelles vous concernant. Cela ne prend pas en compte les donn\u00e9es stock\u00e9es \u00e0 des fins administratives, l\u00e9gales ou pour des raisons de s\u00e9curit\u00e9.<\/p>\n\n\n\n<h2 class=\"wp-block-heading\">Transmission de vos donn\u00e9es personnelles<\/h2>\n\n\n\n<p>Les avis et commentaires des visiteurs peuvent \u00eatre v\u00e9rifi\u00e9s \u00e0 l\u2019aide d\u2019un service automatis\u00e9 de d\u00e9tection d&rsquo;ind\u00e9sirables (\u00e0 l&rsquo;aide d&rsquo;une solution logicielle fournie par <a rel=\"noreferrer noopener\" href=\"https:\/\/automattic.com\/\" target=\"_blank\">Automattic<\/a>).<\/p>\n\n\n\n<h2 class=\"wp-block-heading\">Informations de contact<\/h2>\n\n\n\n<p>Pour toute question concernant la politique de traitement des donn\u00e9es personnelles, ainsi que vos donn\u00e9es personnelles en elles-m\u00eames, contacter <a href=\"mailto:admin@commeuncactus.fr\">admin@commeuncactus.fr<\/a>.<\/p>\n","protected":false},"excerpt":{"rendered":"<p>Qui est Comme Un Cactus&nbsp;? L\u2019adresse du site web de COMME UN CACTUS est&nbsp;: www.commeuncactus.fr. Utilisation des donn\u00e9es personnelles collect\u00e9es Au travers des diff\u00e9rentes fonctions de www.commeuncactus.fr, COMME UN CACTUS collecte les informations suivantes vous concernant :&#8211; Nom, pr\u00e9nom,&#8211; Adresse postale,&#8211; Adresse mail,&#8211; Adresse IP. Ces donn\u00e9es servent \u00e0 traiter les commandes re\u00e7ues au travers [&hellip;]<\/p>\n","protected":false},"author":1,"featured_media":0,"parent":0,"menu_order":0,"comment_status":"closed","ping_status":"open","template":"page-templates\/fullwidth.php","meta":{"ocean_post_layout":"","ocean_both_sidebars_style":"","ocean_both_sidebars_content_width":0,"ocean_both_sidebars_sidebars_width":0,"ocean_sidebar":"","ocean_second_sidebar":"","ocean_disable_margins":"enable","ocean_add_body_class":"","ocean_shortcode_before_top_bar":"","ocean_shortcode_after_top_bar":"","ocean_shortcode_before_header":"","ocean_shortcode_after_header":"","ocean_has_shortcode":"","ocean_shortcode_after_title":"","ocean_shortcode_before_footer_widgets":"","ocean_shortcode_after_footer_widgets":"","ocean_shortcode_before_footer_bottom":"","ocean_shortcode_after_footer_bottom":"","ocean_display_top_bar":"default","ocean_display_header":"default","ocean_header_style":"","ocean_center_header_left_menu":"","ocean_custom_header_template":"","ocean_custom_logo":0,"ocean_custom_retina_logo":0,"ocean_custom_logo_max_width":0,"ocean_custom_logo_tablet_max_width":0,"ocean_custom_logo_mobile_max_width":0,"ocean_custom_logo_max_height":0,"ocean_custom_logo_tablet_max_height":0,"ocean_custom_logo_mobile_max_height":0,"ocean_header_custom_menu":"","ocean_menu_typo_font_family":"","ocean_menu_typo_font_subset":"","ocean_menu_typo_font_size":0,"ocean_menu_typo_font_size_tablet":0,"ocean_menu_typo_font_size_mobile":0,"ocean_menu_typo_font_size_unit":"px","ocean_menu_typo_font_weight":"","ocean_menu_typo_font_weight_tablet":"","ocean_menu_typo_font_weight_mobile":"","ocean_menu_typo_transform":"","ocean_menu_typo_transform_tablet":"","ocean_menu_typo_transform_mobile":"","ocean_menu_typo_line_height":0,"ocean_menu_typo_line_height_tablet":0,"ocean_menu_typo_line_height_mobile":0,"ocean_menu_typo_line_height_unit":"","ocean_menu_typo_spacing":0,"ocean_menu_typo_spacing_tablet":0,"ocean_menu_typo_spacing_mobile":0,"ocean_menu_typo_spacing_unit":"","ocean_menu_link_color":"","ocean_menu_link_color_hover":"","ocean_menu_link_color_active":"","ocean_menu_link_background":"","ocean_menu_link_hover_background":"","ocean_menu_link_active_background":"","ocean_menu_social_links_bg":"","ocean_menu_social_hover_links_bg":"","ocean_menu_social_links_color":"","ocean_menu_social_hover_links_color":"","ocean_disable_title":"default","ocean_disable_heading":"default","ocean_post_title":"","ocean_post_subheading":"","ocean_post_title_style":"","ocean_post_title_background_color":"","ocean_post_title_background":0,"ocean_post_title_bg_image_position":"","ocean_post_title_bg_image_attachment":"","ocean_post_title_bg_image_repeat":"","ocean_post_title_bg_image_size":"","ocean_post_title_height":0,"ocean_post_title_bg_overlay":0.5,"ocean_post_title_bg_overlay_color":"","ocean_disable_breadcrumbs":"default","ocean_breadcrumbs_color":"","ocean_breadcrumbs_separator_color":"","ocean_breadcrumbs_links_color":"","ocean_breadcrumbs_links_hover_color":"","ocean_display_footer_widgets":"default","ocean_display_footer_bottom":"default","ocean_custom_footer_template":"","footnotes":""},"class_list":["post-3","page","type-page","status-publish","hentry","entry","owp-thumbs-layout-horizontal","owp-btn-big","owp-tabs-layout-horizontal","has-no-thumbnails","has-product-nav"],"yoast_head":"<!-- This site is optimized with the Yoast SEO plugin v27.5 - https:\/\/yoast.com\/product\/yoast-seo-wordpress\/ -->\n<title>Politique de traitement des donn\u00e9es personnelles - Comme Un Cactus<\/title>\n<meta name=\"description\" content=\"Cette page vous donnera la politique de Comme Un Cactus concernant vos donn\u00e9es personnelles. Il faut bien les \u00e9crire quelque part, n&#039;est-ce pas ?\" \/>\n<meta name=\"robots\" content=\"noindex, follow\" \/>\n<meta property=\"og:locale\" content=\"fr_FR\" \/>\n<meta property=\"og:type\" content=\"article\" \/>\n<meta property=\"og:title\" content=\"Politique de traitement des donn\u00e9es personnelles - Comme Un Cactus\" \/>\n<meta property=\"og:description\" content=\"Cette page vous donnera la politique de Comme Un Cactus concernant vos donn\u00e9es personnelles. Il faut bien les \u00e9crire quelque part, n&#039;est-ce pas ?\" \/>\n<meta property=\"og:url\" content=\"https:\/\/www.commeuncactus.fr\/index.php\/politique-de-traitement-des-donnees-personnelles\/\" \/>\n<meta property=\"og:site_name\" content=\"Comme Un Cactus\" \/>\n<meta property=\"article:publisher\" content=\"https:\/\/www.facebook.com\/comme1cactus\" \/>\n<meta property=\"article:modified_time\" content=\"2019-12-07T18:49:30+00:00\" \/>\n<meta name=\"twitter:card\" content=\"summary_large_image\" \/>\n<meta name=\"twitter:label1\" content=\"Dur\u00e9e de lecture estim\u00e9e\" \/>\n\t<meta name=\"twitter:data1\" content=\"5 minutes\" \/>\n<script type=\"application\/ld+json\" class=\"yoast-schema-graph\">{\"@context\":\"https:\\\/\\\/schema.org\",\"@graph\":[{\"@type\":\"WebPage\",\"@id\":\"https:\\\/\\\/www.commeuncactus.fr\\\/index.php\\\/politique-de-traitement-des-donnees-personnelles\\\/\",\"url\":\"https:\\\/\\\/www.commeuncactus.fr\\\/index.php\\\/politique-de-traitement-des-donnees-personnelles\\\/\",\"name\":\"Politique de traitement des donn\u00e9es personnelles - Comme Un Cactus\",\"isPartOf\":{\"@id\":\"https:\\\/\\\/www.commeuncactus.fr\\\/#website\"},\"datePublished\":\"2019-08-17T13:01:53+00:00\",\"dateModified\":\"2019-12-07T18:49:30+00:00\",\"description\":\"Cette page vous donnera la politique de Comme Un Cactus concernant vos donn\u00e9es personnelles. Il faut bien les \u00e9crire quelque part, n'est-ce pas ?\",\"breadcrumb\":{\"@id\":\"https:\\\/\\\/www.commeuncactus.fr\\\/index.php\\\/politique-de-traitement-des-donnees-personnelles\\\/#breadcrumb\"},\"inLanguage\":\"fr-FR\",\"potentialAction\":[{\"@type\":\"ReadAction\",\"target\":[\"https:\\\/\\\/www.commeuncactus.fr\\\/index.php\\\/politique-de-traitement-des-donnees-personnelles\\\/\"]}]},{\"@type\":\"BreadcrumbList\",\"@id\":\"https:\\\/\\\/www.commeuncactus.fr\\\/index.php\\\/politique-de-traitement-des-donnees-personnelles\\\/#breadcrumb\",\"itemListElement\":[{\"@type\":\"ListItem\",\"position\":1,\"name\":\"Accueil\",\"item\":\"https:\\\/\\\/www.commeuncactus.fr\\\/\"},{\"@type\":\"ListItem\",\"position\":2,\"name\":\"Politique de traitement des donn\u00e9es personnelles\"}]},{\"@type\":\"WebSite\",\"@id\":\"https:\\\/\\\/www.commeuncactus.fr\\\/#website\",\"url\":\"https:\\\/\\\/www.commeuncactus.fr\\\/\",\"name\":\"Comme Un Cactus\",\"description\":\"Cr\u00e9ations artisanales qui ne manquent pas de piquant !\",\"publisher\":{\"@id\":\"https:\\\/\\\/www.commeuncactus.fr\\\/#organization\"},\"potentialAction\":[{\"@type\":\"SearchAction\",\"target\":{\"@type\":\"EntryPoint\",\"urlTemplate\":\"https:\\\/\\\/www.commeuncactus.fr\\\/?s={search_term_string}\"},\"query-input\":{\"@type\":\"PropertyValueSpecification\",\"valueRequired\":true,\"valueName\":\"search_term_string\"}}],\"inLanguage\":\"fr-FR\"},{\"@type\":\"Organization\",\"@id\":\"https:\\\/\\\/www.commeuncactus.fr\\\/#organization\",\"name\":\"Comme un Cactus\",\"url\":\"https:\\\/\\\/www.commeuncactus.fr\\\/\",\"logo\":{\"@type\":\"ImageObject\",\"inLanguage\":\"fr-FR\",\"@id\":\"https:\\\/\\\/www.commeuncactus.fr\\\/#\\\/schema\\\/logo\\\/image\\\/\",\"url\":\"https:\\\/\\\/www.commeuncactus.fr\\\/wp-content\\\/uploads\\\/2019\\\/10\\\/logo_fond_carre.jpg\",\"contentUrl\":\"https:\\\/\\\/www.commeuncactus.fr\\\/wp-content\\\/uploads\\\/2019\\\/10\\\/logo_fond_carre.jpg\",\"width\":1600,\"height\":1600,\"caption\":\"Comme un Cactus\"},\"image\":{\"@id\":\"https:\\\/\\\/www.commeuncactus.fr\\\/#\\\/schema\\\/logo\\\/image\\\/\"},\"sameAs\":[\"https:\\\/\\\/www.facebook.com\\\/comme1cactus\",\"https:\\\/\\\/www.instagram.com\\\/comme1cactus\"]}]}<\/script>\n<!-- \/ Yoast SEO plugin. -->","yoast_head_json":{"title":"Politique de traitement des donn\u00e9es personnelles - Comme Un Cactus","description":"Cette page vous donnera la politique de Comme Un Cactus concernant vos donn\u00e9es personnelles. Il faut bien les \u00e9crire quelque part, n'est-ce pas ?","robots":{"index":"noindex","follow":"follow"},"og_locale":"fr_FR","og_type":"article","og_title":"Politique de traitement des donn\u00e9es personnelles - Comme Un Cactus","og_description":"Cette page vous donnera la politique de Comme Un Cactus concernant vos donn\u00e9es personnelles. Il faut bien les \u00e9crire quelque part, n'est-ce pas ?","og_url":"https:\/\/www.commeuncactus.fr\/index.php\/politique-de-traitement-des-donnees-personnelles\/","og_site_name":"Comme Un Cactus","article_publisher":"https:\/\/www.facebook.com\/comme1cactus","article_modified_time":"2019-12-07T18:49:30+00:00","twitter_card":"summary_large_image","twitter_misc":{"Dur\u00e9e de lecture estim\u00e9e":"5 minutes"},"schema":{"@context":"https:\/\/schema.org","@graph":[{"@type":"WebPage","@id":"https:\/\/www.commeuncactus.fr\/index.php\/politique-de-traitement-des-donnees-personnelles\/","url":"https:\/\/www.commeuncactus.fr\/index.php\/politique-de-traitement-des-donnees-personnelles\/","name":"Politique de traitement des donn\u00e9es personnelles - Comme Un Cactus","isPartOf":{"@id":"https:\/\/www.commeuncactus.fr\/#website"},"datePublished":"2019-08-17T13:01:53+00:00","dateModified":"2019-12-07T18:49:30+00:00","description":"Cette page vous donnera la politique de Comme Un Cactus concernant vos donn\u00e9es personnelles. Il faut bien les \u00e9crire quelque part, n'est-ce pas ?","breadcrumb":{"@id":"https:\/\/www.commeuncactus.fr\/index.php\/politique-de-traitement-des-donnees-personnelles\/#breadcrumb"},"inLanguage":"fr-FR","potentialAction":[{"@type":"ReadAction","target":["https:\/\/www.commeuncactus.fr\/index.php\/politique-de-traitement-des-donnees-personnelles\/"]}]},{"@type":"BreadcrumbList","@id":"https:\/\/www.commeuncactus.fr\/index.php\/politique-de-traitement-des-donnees-personnelles\/#breadcrumb","itemListElement":[{"@type":"ListItem","position":1,"name":"Accueil","item":"https:\/\/www.commeuncactus.fr\/"},{"@type":"ListItem","position":2,"name":"Politique de traitement des donn\u00e9es personnelles"}]},{"@type":"WebSite","@id":"https:\/\/www.commeuncactus.fr\/#website","url":"https:\/\/www.commeuncactus.fr\/","name":"Comme Un Cactus","description":"Cr\u00e9ations artisanales qui ne manquent pas de piquant !","publisher":{"@id":"https:\/\/www.commeuncactus.fr\/#organization"},"potentialAction":[{"@type":"SearchAction","target":{"@type":"EntryPoint","urlTemplate":"https:\/\/www.commeuncactus.fr\/?s={search_term_string}"},"query-input":{"@type":"PropertyValueSpecification","valueRequired":true,"valueName":"search_term_string"}}],"inLanguage":"fr-FR"},{"@type":"Organization","@id":"https:\/\/www.commeuncactus.fr\/#organization","name":"Comme un Cactus","url":"https:\/\/www.commeuncactus.fr\/","logo":{"@type":"ImageObject","inLanguage":"fr-FR","@id":"https:\/\/www.commeuncactus.fr\/#\/schema\/logo\/image\/","url":"https:\/\/www.commeuncactus.fr\/wp-content\/uploads\/2019\/10\/logo_fond_carre.jpg","contentUrl":"https:\/\/www.commeuncactus.fr\/wp-content\/uploads\/2019\/10\/logo_fond_carre.jpg","width":1600,"height":1600,"caption":"Comme un Cactus"},"image":{"@id":"https:\/\/www.commeuncactus.fr\/#\/schema\/logo\/image\/"},"sameAs":["https:\/\/www.facebook.com\/comme1cactus","https:\/\/www.instagram.com\/comme1cactus"]}]}},"jetpack_sharing_enabled":true,"_links":{"self":[{"href":"https:\/\/www.commeuncactus.fr\/index.php\/wp-json\/wp\/v2\/pages\/3","targetHints":{"allow":["GET"]}}],"collection":[{"href":"https:\/\/www.commeuncactus.fr\/index.php\/wp-json\/wp\/v2\/pages"}],"about":[{"href":"https:\/\/www.commeuncactus.fr\/index.php\/wp-json\/wp\/v2\/types\/page"}],"author":[{"embeddable":true,"href":"https:\/\/www.commeuncactus.fr\/index.php\/wp-json\/wp\/v2\/users\/1"}],"replies":[{"embeddable":true,"href":"https:\/\/www.commeuncactus.fr\/index.php\/wp-json\/wp\/v2\/comments?post=3"}],"version-history":[{"count":45,"href":"https:\/\/www.commeuncactus.fr\/index.php\/wp-json\/wp\/v2\/pages\/3\/revisions"}],"predecessor-version":[{"id":720,"href":"https:\/\/www.commeuncactus.fr\/index.php\/wp-json\/wp\/v2\/pages\/3\/revisions\/720"}],"wp:attachment":[{"href":"https:\/\/www.commeuncactus.fr\/index.php\/wp-json\/wp\/v2\/media?parent=3"}],"curies":[{"name":"wp","href":"https:\/\/api.w.org\/{rel}","templated":true}]}}